{"id":285,"date":"2014-01-12T08:07:12","date_gmt":"2014-01-12T08:07:12","guid":{"rendered":"http:\/\/www.turistamagazine.com\/v2\/?page_id=285"},"modified":"2021-07-17T10:26:08","modified_gmt":"2021-07-17T15:26:08","slug":"directorio","status":"publish","type":"page","link":"https:\/\/www.turistamagazine.com\/v2\/?page_id=285","title":{"rendered":"DIRECTORIO"},"content":{"rendered":"<h5><span style=\"color: #000080;\"><span style=\"color: #000080;\">FEDERACI\u00d3N\u00a0INTERNACIONAL DE PRENSA TUR\u00cdSTICA\u00a0DIGITAL -FEINPRETUDI<\/span><\/span><\/h5>\n<h5>Presidente<\/h5>\n<p><strong>Magister Elena Honores<\/strong><\/p>\n<p><strong>Telf.997 193 599<\/strong><\/p>\n<h5><span style=\"color: #000080;\"><strong>FORUM INTERNACIONAL DE PERIODISTAS DE TURISMO<\/strong><\/span><\/h5>\n<p>Directora para el Per\u00fa<br \/>\nElena Honores<br \/>\n<a href=\"mailto:elena.villar@turistamagazine.com\">elena.villar@turistamagazine.com<\/a><\/p>\n<h5><span style=\"color: #000080;\">ADETTUR \u2013 ASOCIACI\u00d3N DE EMPRESARIOS DE TRASPORTE TUR\u00cdSTICO<\/span><\/h5>\n<p>Av. Javier Prado Este N\u00ba 5193 Of. 12-B<br \/>\nCamacho \u2013 La Molina<br \/>\nTelf. 562-2727<\/p>\n<h5><span style=\"color: #000080;\">AETAI \u2013 ASOCIACI\u00d3N DE EMPRESAS DE TRANSPORTE AEREO INTERNACIONAL<\/span><\/h5>\n<p>Schell 319, Of. 703 \u2013 Miraflores<br \/>\nTelefax: 444 0861<br \/>\nE-mail: gerencia@aetai.org<\/p>\n<h5><span style=\"color: #000080;\">AFEET PERU \u2013 ASOC. FEMENINA DE EJECUTIVAS DE EMPRESAS TUR\u00cdSTICAS<\/span><\/h5>\n<p>Calle Atahualpa 461, Of. 101 \u2013 Miraflores<br \/>\nTelf. 445-3587<\/p>\n<h5><span style=\"color: #000080;\">AGMP \u2013 ASOC. DE GUIAS DE MONTA\u00d1A DEL PERU<\/span><\/h5>\n<p>\u00abCasa de Gu\u00edas\u00bb Parque Ginebra 28-G, Huaraz<br \/>\n\u00abCasa de Gu\u00edas\u00bb Psj. Desaguadero 126<br \/>\nSan L\u00e1zaro \u2013 Arequipa<br \/>\nE-mail: czarate@planet.com.pe<br \/>\nTelf. (043) 721811<\/p>\n<h5><span style=\"color: #000080;\">AGOTUR \u2013 ASOC. DE GUIAS OFICIALES DE TURISMO<\/span><\/h5>\n<p>E-mail: agoturlima@yahoo.com<br \/>\nwww.agotur.com.pe<br \/>\nTelf. 445-0676<\/p>\n<h5><span style=\"color: #000080;\">ASOCIACI\u00d3N DE HOTELES CENTROS RECREACIONALES Y AFINES DE MADRE DE DIOS<\/span><\/h5>\n<p>Jir\u00f3n Cusco N\u00ba 535, Puerto Maldonado<br \/>\nE-mail: ahocrapem@hotmail.com<br \/>\nTelf. 571-045<\/p>\n<h5><span style=\"color: #000080;\">AHORA \u2013 ASOC. PERUANA DE HOTELES RESTAURANTES Y AFINES<\/span><\/h5>\n<p>Av. Larco 730, Of. 302 \u2013 Miraflores<br \/>\nTelf. 444-7825<br \/>\nE-mail: ahora@infonegocio.net.pe<\/p>\n<h5><span style=\"color: #000080;\">APAAI \u2013 ASOCIACI\u00d3N PERUANA DE AGENTES AFILIADOS A IATA<\/span><\/h5>\n<p>Av. Reducto 1225, Miraflores<br \/>\nTelf. 4451841<br \/>\nE-mail: administraci\u00f3n@apaai.org<br \/>\nwww.apaai.org<\/p>\n<h5><span style=\"color: #000080;\">APACIT \u2013 ASOC. PERUANA DE AGENT. DE CARGA INTERNACIONAL<\/span><\/h5>\n<p>Av. Del Ej\u00e9rcito 875 \u2013 Piso 2, Of. A- Miraflores<br \/>\nTelf. 222-6231<br \/>\nTelefax: 422-7779<br \/>\nE-mail: apacit@apacit.com<br \/>\nwww.apacit.com.pe<\/p>\n<h5><span style=\"color: #000080;\">APAVIT \u2013 ASOC. PERUANA DE AGENCIAS DE VIAJES Y TURISMO<\/span><\/h5>\n<p>Antonio Roca 121 \u2013 Urb. Santa Beatriz \u2013 Lima<br \/>\nTelf. 433-1111<br \/>\nF.: 433-7610<br \/>\nE-mail: presidencia@apavitperu.org<br \/>\nE-mail: apavitperu@yahoo.es<br \/>\nwww.apavitperu.org<\/p>\n<h5><span style=\"color: #000080;\">APAVIT \u2013 LAMBAYEQUE<\/span><\/h5>\n<p>Los Girasoles D-4 Urb. La Florida, Chiclayo<br \/>\nTelf. 074-238228 \/ 97-9950488<br \/>\nE-mail: apavit_cix@yahoo.es<\/p>\n<h5><span style=\"color: #000080;\">APAVIT SAN MARTIN<\/span><\/h5>\n<p>Jr. Leoncio Prado N\u00ba 336, Tarapoto<br \/>\nTelf. 042-521141 \/ 942959765<br \/>\nE-mail: apavitsm@hotmail.com<\/p>\n<h5><span style=\"color: #000080;\">APEA \u2013 ASOCIACI\u00d3N PERUANA DE EMPRESAS AEREAS<\/span><\/h5>\n<p>Juan de Arona 781 \u2013 San Isidro<br \/>\nE-mail: h.salinas@aerocondor.com.pe<br \/>\nTelf. 614-6000<\/p>\n<h5><span style=\"color: #000080;\">APOTUR \u2013 ASOC. PERUANA DE OPERADORES DE TURISMO RECEPTIVO E INTERNO<\/span><\/h5>\n<p>Calle San Fernando 287 \u2013 Miraflores<br \/>\nTelf. 7152864 \/ 7190442<br \/>\nE-mail: administraci\u00f3n@apotur.com.pe<br \/>\nwww.apoturperu.org<\/p>\n<h5><span style=\"color: #000080;\">APTAE \u2013 ASOC. PERUANA DE TURISMO DE AVENTURA &amp; ECOTURISMO<\/span><\/h5>\n<p>Calle San Fernando 287, Miraflores<br \/>\nTelf. 4441853 \/ 4455392<br \/>\nE-mail: aptae@aptae.org<\/p>\n<h5><span style=\"color: #000080;\">ARAVIT \u2013 ASOCIACI\u00d3N REGIONAL DE AGENCIA DE VIAJE Y TURISMO PUNO<\/span><\/h5>\n<p>Arequipa 140, Puno<br \/>\nTelf. (051) 35-2586<br \/>\nF.: (054) 35-1654<\/p>\n<h5><span style=\"color: #000080;\">ARAVITA (ASOCIACI\u00d3N REGIONAL DE AGENCIAS DE VIAJE Y TURISMO &#8211; ANCASH)<\/span><\/h5>\n<p>Av. Luzuriaga 538, Huaraz<br \/>\nTelf. (043) 72-1464<\/p>\n<h5><span style=\"color: #000080;\">ASOCIACI\u00d3N DE AGENTES DE VIAJES Y TURISMO DE LA LIBERTAD<\/span><\/h5>\n<p>Diego de Almagro 301, Trujillo<br \/>\nTelf. 233091 \/ 244424<br \/>\nE-mail: adavitlalibertad@hotmail.com<\/p>\n<h5><span style=\"color: #000080;\">ASOCIACI\u00d3N DE AGENCIAS DE TURISMO DEL CUSCO<\/span><\/h5>\n<p>Calle Nueva Baja 424 \u2013 Cusco<br \/>\nTelf. (084) 22-2580 \/ 22- 7492<br \/>\nE-mail: aatc@terra.com.pe<\/p>\n<h5><span style=\"color: #000080;\">ASOCIACI\u00d3N DE GUIAS OFICIALES DE TURISMO DE PUNO \u2013 \u00abAGOTUR-PUNO\u00bb<\/span><\/h5>\n<p>Jr. Lima 208. 2do. piso, Edif. Camino Real \u2013 Puno<br \/>\nE-mail: gilbertcorrales@hotmail.com<br \/>\nTelf. (051) 982-3400<\/p>\n<h5><span style=\"color: #000080;\">APET \u2013 PER\u00da (ASOCIACI\u00d3N PERUANA DE EMPRESAS TUR\u00cdSTICAS Y AFINES)<\/span><\/h5>\n<p>Av. Julio C. Tello 463 \u2013 Lince<br \/>\nwww.apetperu.com<br \/>\nTelf. 471-5435<\/p>\n<h5><span style=\"color: #000080;\">ASOCIACI\u00d3N TURISMO CLUB INTERNACIONAL<\/span><\/h5>\n<p>Pasaje Porta 128 Of. 201 \u2013 Miraflores<br \/>\nE-mail: Clubtour@amauta.rcp.net.pe<br \/>\nTelf. 445-5905<\/p>\n<h5><span style=\"color: #000080;\">ASOTUR &#8211; ASOCIACI\u00d3N DE OPERADORES DE TURISMO RECEPTIVO DEL PER\u00da<\/span><\/h5>\n<p>San Mart\u00edn 432, Of. 201 \u2013 Miraflores<br \/>\nTelf. 241-9616<br \/>\nE-mail: presidencia@asotur-peru.com<br \/>\ninfoturismo@asotur-peru.com<br \/>\nwww.asotur-peru.com<\/p>\n<h5><span style=\"color: #000080;\">AVIT \u2013 ASOC. DE AGENTES DE VIAJES Y TURISMO DE AREQUIPA<\/span><\/h5>\n<p>Calle Palacio Viejo 216 Of. 602 (Edificio Sudam\u00e9rica). Cercado<br \/>\nTelefax: (054) 211072<br \/>\nCelular: (054) 9586 16661<br \/>\nRPM: *337561<br \/>\nE-mail: info@avit-aqp.org<br \/>\nwww. avit-aqp.org<\/p>\n<h5><span style=\"color: #000080;\">AYNI \u2013 ORGANIZACI\u00d3N DE APOYO AL DESARROLLO TUR\u00cdSTICO<\/span><\/h5>\n<p>Calle Jos\u00e9 Sabogal 344 \u2013 D, Miraflores<br \/>\nTelf. 271-9034<\/p>\n<h5><span style=\"color: #000080;\">BURO DE CONVENCIONES Y VISITANTES DE LIMA<\/span><\/h5>\n<p>Av. Paseo de la Republica Nro. 6348<br \/>\nE-mail:<\/p>\n<p><a href=\"mailto:contacto@limaconvention.com\">contacto@limaconvention.com<\/a><\/p>\n<p><span style=\"color: #000080;\"><strong><span style=\"font-size: 0.83em;\">CAMARA HOTELERA CUSCO<\/span><\/strong><\/span><\/p>\n<p>Calle Nueva Baja 424, Cusco<br \/>\nTelf. (084) 24-6188<\/p>\n<h5><span style=\"color: #000080;\">CAMARA HOTELERA DE PUNO<\/span><\/h5>\n<p>Av. La Torre 545 Puno<br \/>\nE-mail: camarahpuno@hotmail.com<br \/>\nTelf. 36-4066<\/p>\n<h5><span style=\"color: #000080;\">CANATUR \u2013 CAMARA NACIONAL DE TURISMO<\/span><\/h5>\n<p>Av. Paseo de la Rep\u00fablica N\u00ba 6348 \u2013 Miraflores<br \/>\nTelf. (00 51) 2057500 \/ (00 51) 2427555<br \/>\nE-mail: secretaria@canaturperu.org<br \/>\ncomercial@canaturperu.org<br \/>\neventos@canaturperu.org<br \/>\nwww.canaturperu.org<\/p>\n<h5><span style=\"color: #000080;\">OFICINA DE TURISMO MUNICIPALIDAD DE BARRANCO<\/span><\/h5>\n<p>Biblioteca Municipal \u2013 Parque Municipal<br \/>\nAv. San Mart\u00edn 1era. Cuadra \u2013 Barranco<br \/>\nTelf. 719-2046<br \/>\nE-mail: turismo@munibarranco.gob.pe<\/p>\n<h5><span style=\"color: #000080;\">CARETUR \u2013 CAJAMARCA<\/span><\/h5>\n<p>Jr. 2 de Mayo 574, Cajamarca<br \/>\nE-mail: caretur_cajamarca@hotmail.com<br \/>\nTelf. (076) 340074<\/p>\n<h5><span style=\"color: #000080;\">CARTUR \u2013 CAMARA REGIONAL DE TURISMO DE CUSCO<\/span><\/h5>\n<p>Av. Pardo 1046, Cusco<br \/>\nTelf. (084) 252521<br \/>\nwww.catur.org<\/p>\n<h5><span style=\"color: #000080;\">CATUR \u2013 SURCO<\/span><\/h5>\n<p>Av. El Polo 354, Monterrico \u2013 Santiago de Surco<br \/>\nE-mail: inkamazoniantours@terra.com.pe<br \/>\nTelf. 435-7095<\/p>\n<h5><span style=\"color: #000080;\">CIDIFTUR<\/span><\/h5>\n<p>Director General:\u00a0 Magister Elena\u00a0 Villar<br \/>\nEmail: presidencia@feinpretudi.org<br \/>\nTelf. 997 193 599<\/p>\n<h5><span style=\"color: #000080;\">CIPT \u2013 CENTRAL DE INFORMACI\u00d3N Y PROMOCI\u00d3N TUR\u00cdSTICA<\/span><\/h5>\n<p>Municipalidad de Miraflores \/ Av. Larco 770<br \/>\nE-mail: turismo@miraflores.gob.pe<br \/>\nTelf. 444-3025<\/p>\n<h5><span style=\"color: #000080;\">COLEGIO DE LICENCIADOS EN TURISMO DEL PERU<\/span><\/h5>\n<p>Heladeros 157, Of. 38 \u2013 Cusco<br \/>\nTelf. (084) 24-2065<\/p>\n<h5><span style=\"color: #000080;\">COMISI\u00d3N CONSULTIVA DE LEGISLACI\u00d3N DE TURISMO<\/span><\/h5>\n<p>Av. Jos\u00e9 Pardo 231, Of. 402, (4to. piso, Miraflores)<br \/>\nE-mail: esalarcon@terra.com.pe<br \/>\nTelf. 447-6688<\/p>\n<h5><span style=\"color: #000080;\">COMIT\u00c9 VISIT USA<\/span><\/h5>\n<p>Calle Libertad 114, Of. 301, Miraflores<br \/>\nE-mail: info@visitusaperu.org.pe<br \/>\nwww.visitusaperu.org.pe<\/p>\n<h5><span style=\"color: #000080;\">COMIT\u00c9 DESCUBRA BRASIL<\/span><\/h5>\n<p>Juan Romero Hidalgo 544, San Borja<br \/>\nTelf. 224-3392<br \/>\nE-mail:comite@descubrabrasil.com.pe<br \/>\nwww. descubrabrasil.com.pe<\/p>\n<h5><span style=\"color: #000080;\">CORPAC \u2013 CORPORACI\u00d3N PERUANA DE AEROPUERTOS Y AVIACI\u00d3N COMERCIAL<\/span><\/h5>\n<p>Av. Faucett s\/n Callao<br \/>\nCostado del Aeropuerto Int. Jorge Ch\u00e1vez<br \/>\nCentral Telef\u00f3nica: 630-1000<\/p>\n<h5><span style=\"color: #000080;\">DGAC \u2013 DIRECCI\u00d3N GENERAL DE AERONAUTICA CIVIL<\/span><\/h5>\n<p>Ministerio de Transportes y Comunicaciones<br \/>\nZorritos 1203 Lima 1<br \/>\nE-mail: dgac@mtc.gob.pe<br \/>\nwww. mtc.gob.pe<\/p>\n<h5><span style=\"color: #000080;\">DIRECCION NACIONAL DE TURISMO Y ECOLOGIA DE LA POLICIA NACIONAL DEL PERU<\/span><\/h5>\n<p>Jr. Moore 268 \u2013 Magdalena del Mar<br \/>\nE-mail: dirpolture@hotmail.com<br \/>\nTelf. 460-0921 \/ 460-0849<\/p>\n<h5><span style=\"color: #000080;\">DIRECCION REGIONAL DE COMERCIO EXTERIOR Y TURISMO<\/span><\/h5>\n<p>Plaza T\u00fapac Amaru Mz. 1 Lt. 2 \u2013 Cusco<br \/>\nE-mail: cusco@mincetur.gob.pe<br \/>\nTelf. (084) 22-3701 \/ 22-3761<\/p>\n<h5><span style=\"color: #000080;\">DIRECCION REGIONAL DE INDUSTRIA Y TURISMO REGION CHAVIN<\/span><\/h5>\n<p>Campamento Vichay s\/n &#8211; Huaraz<br \/>\nE-mail: ancashmitinci@gob.pe<br \/>\nTelf. (044) 72-1521<\/p>\n<h5><span style=\"color: #000080;\">HOSTELLING INTERNATIONAL YOUTH HOSTEL<\/span><\/h5>\n<p>Administradora Peruana de Albergues S.A.C.<br \/>\nAv. Casimiro Ulloa 328 \u2013 Miraflores<\/p>\n<p>www.limahostell.com.pe<br \/>\nwww.hostellingperu.com.pe<br \/>\nTelf. 446-5488<\/p>\n<h5><span style=\"color: #000080;\">IATA SUCURSAL DEL PERU<\/span><\/h5>\n<p>Av. Canaval y Moreyra 522, Piso 17 \u2013 San Isidro<br \/>\nBSP y atenci\u00f3n Agencias (Resoluci\u00f3n 808)<br \/>\nTelf. 222-4353 \/ 421-7213<\/p>\n<h5><span style=\"color: #000080;\">INFORMACION Y ASISTENCIA AL TURISTA<\/span><\/h5>\n<p>LIMA, Miraflores<br \/>\nLarcomar, M\u00f3dulo 10, Plaza Principal<br \/>\nE-mail: iperularcomar@promperu.gob.pe<br \/>\nTelf. 445-9400<\/p>\n<h5><span style=\"color: #000080;\">INTEJ \u2013 ISTC SATA ISIC<\/span><\/h5>\n<p>Of. Principal: Av. San Mat\u00edn 240 \u2013 Barranco<br \/>\nwww.intej.org<br \/>\nTelf. 247-3230<\/p>\n<h5><span style=\"color: #000080;\">INTERNATIONAL POLICE ASSOCIATION<\/span><\/h5>\n<p>Calle Moore N\u00ba 268, Magdalena del Mar<br \/>\nTelf. 261-9247<\/p>\n<h5><span style=\"color: #000080;\">LIMA AIRPORT PARTNERS<\/span><\/h5>\n<p>Av. Elmer Faucett s\/n, Aeropuerto Internacional Jorge Ch\u00e1vez<br \/>\nE-mail: cservice@lap.com.pe<br \/>\nwww.lap.com.pe<br \/>\nTelf. 517-3361<\/p>\n<h5><span style=\"color: #000080;\">MINCETUR (MINISTERIO DE COMERCIO EXTERIOR Y TURISMO)<\/span><\/h5>\n<p>Calle Uno Oeste N\u00ba 050, Urb. C\u00f3rpac \u2013 San Isidro<br \/>\nE-mail: vmt@mincetur.gob.pe<br \/>\ndnt@mincetur.gob.pe<br \/>\nTelf. 513-6100<\/p>\n<h5><span style=\"color: #000080;\">OFICINA DE TURISMO DE LA MUNICIPALIDAD DE SURCO<\/span><\/h5>\n<p>Av. Caminos del Inca, Cdra. 21 s\/n \u2013 Centro Cultural del Parque de la Amistad<br \/>\nE-mail: vmt@mincetur.gob.pe<br \/>\nTelf. 279-2171<\/p>\n<h5><span style=\"color: #000080;\">ONG CARITAS DEL PERU PROYECTOS DE DESARROLLOS TUR\u00cdSTICOS<\/span><\/h5>\n<p>Calle Omicr\u00f3n N\u00ba 492 \u2013 Callao<br \/>\nE-mail: Postmaster@caritas.org.pe<br \/>\nwww.caritas.org.pe<br \/>\nTelf. 613-5200<\/p>\n<h5><span style=\"color: #000080;\">OFICINA DE TURISMO MUNICIPALIDAD DE BARRANCO<\/span><\/h5>\n<p>Biblioteca Municipal \u2013 Parque Municipal<br \/>\nAv. San Mart\u00edn 1era. Cuadra \u2013 Barranco<br \/>\nTelf. 373-0451<br \/>\nE-mail: municipalidadbarranco@gmail.com<\/p>\n<h5><span style=\"color: #000080;\">OTMLM \u2013 OFICINA DE TURISMO MUNICIPALIDAD DE LIMA METROPOLITANA<\/span><\/h5>\n<p>Of. de Informaci\u00f3n Tur\u00edstica<br \/>\nPasaje Los Escribanos 145, Palacio Municipal<br \/>\nTelf. 315-1542<\/p>\n<h5><span style=\"color: #000080;\">PROMPERU COMISI\u00d3N DE PROMOCI\u00d3N DEL PER\u00da PARA LA EXPORTACI\u00d3N Y EL TURISMO<\/span><\/h5>\n<p>Calle Uno Oeste N\u00ba 50, Edificio MINCETUR<br \/>\nPiso 13, Urb. C\u00f3rpac \u2013 San Isidro<br \/>\nTelf. 224-3131<br \/>\nE-mail: iperu@promperu.gob.pe<\/p>\n<h5><span style=\"color: #000080;\">SOCIEDAD HOTELES DEL PERU<\/span><\/h5>\n<p>7 de Junio 145 Of. 802, Miraflores<br \/>\ngerencia@sociedadhotelesdelperu.org<br \/>\nsociedad@ sociedadhotelesdelperu.org<br \/>\nTelefax: 7191649<\/p>\n<h5><span style=\"color: #000080;\">TOURING Y AUTOMOVIL CLUB DEL PERU<\/span><\/h5>\n<p>Av. C\u00e9sar Vallejo 699 \u2013 Lince<br \/>\nE-mail: presidencia@touringperu.com.pe<br \/>\nTelf. 614-9999<\/p>\n<h5><span style=\"color: #000080;\">UNIDAD DE PROTECCION DE TURISMO DE AVENTURA Y SALVAMENTO DE ALTA MONTA\u00d1A PNP<\/span><\/h5>\n<p>Jr. In\u00e9s de Salas s\/n (Yungay &#8211; Huaraz)<br \/>\nE-mail: usam@pnp.gob.pe<br \/>\nTelf. (044) 793333 \/ 793327<\/p>\n<h5><span style=\"color: #000080;\">UNION PERUANA DE TRANSPORTISTAS \u2013 UPETUR<\/span><\/h5>\n<p>General Su\u00e1rez 215 \u2013 Miraflores<br \/>\nTelf. 446-3055 \/ 447-7852<\/p>\n","protected":false},"excerpt":{"rendered":"<p>FEDERACI\u00d3N\u00a0INTERNACIONAL DE PRENSA TUR\u00cdSTICA\u00a0DIGITAL -FEINPRETUDI Presidente Magister Elena Honores Telf.997 193 599 FORUM INTERNACIONAL DE PERIODISTAS DE TURISMO Directora para el Per\u00fa Elena Honores elena.villar@turistamagazine.com ADETTUR \u2013 ASOCIACI\u00d3N DE EMPRESARIOS DE TRASPORTE TUR\u00cdSTICO Av. Javier Prado Este N\u00ba 5193 Of. 12-B Camacho \u2013 La Molina Telf. 562-2727 AETAI \u2013 ASOCIACI\u00d3N DE EMPRESAS DE TRANSPORTE AEREO INTERNACIONAL Schell 319, Of. 703 \u2013 Miraflores Telefax: 444 0861 E-mail: gerencia@aetai.org AFEET PERU \u2013 ASOC. FEMENINA DE EJECUTIVAS DE EMPRESAS TUR\u00cdSTICAS Calle Atahualpa 461, Of. 101 \u2013 Miraflores Telf. 445-3587 AGMP \u2013 ASOC. DE GUIAS DE MONTA\u00d1A DEL PERU \u00abCasa de Gu\u00edas\u00bb Parque Ginebra&#8230;<\/p>\n","protected":false},"author":1,"featured_media":0,"parent":0,"menu_order":0,"comment_status":"open","ping_status":"open","template":"page_right_sidebar.php","meta":{"footnotes":""},"class_list":["post-285","page","type-page","status-publish","hentry"],"_links":{"self":[{"href":"https:\/\/www.turistamagazine.com\/v2\/index.php?rest_route=\/wp\/v2\/pages\/285","targetHints":{"allow":["GET"]}}],"collection":[{"href":"https:\/\/www.turistamagazine.com\/v2\/index.php?rest_route=\/wp\/v2\/pages"}],"about":[{"href":"https:\/\/www.turistamagazine.com\/v2\/index.php?rest_route=\/wp\/v2\/types\/page"}],"author":[{"embeddable":true,"href":"https:\/\/www.turistamagazine.com\/v2\/index.php?rest_route=\/wp\/v2\/users\/1"}],"replies":[{"embeddable":true,"href":"https:\/\/www.turistamagazine.com\/v2\/index.php?rest_route=%2Fwp%2Fv2%2Fcomments&post=285"}],"version-history":[{"count":13,"href":"https:\/\/www.turistamagazine.com\/v2\/index.php?rest_route=\/wp\/v2\/pages\/285\/revisions"}],"predecessor-version":[{"id":52053,"href":"https:\/\/www.turistamagazine.com\/v2\/index.php?rest_route=\/wp\/v2\/pages\/285\/revisions\/52053"}],"wp:attachment":[{"href":"https:\/\/www.turistamagazine.com\/v2\/index.php?rest_route=%2Fwp%2Fv2%2Fmedia&parent=285"}],"curies":[{"name":"wp","href":"https:\/\/api.w.org\/{rel}","templated":true}]}}