{"id":244,"date":"2014-01-11T23:47:56","date_gmt":"2014-01-11T23:47:56","guid":{"rendered":"http:\/\/www.turistamagazine.com\/v2\/?page_id=244"},"modified":"2020-04-06T11:11:07","modified_gmt":"2020-04-06T16:11:07","slug":"representantes","status":"publish","type":"page","link":"https:\/\/www.turistamagazine.com\/v2\/?page_id=244","title":{"rendered":"Representantes"},"content":{"rendered":"<p><strong>Directora de Relaciones Internacionales:<\/strong><br \/>\n<strong>Lic. Elizabeth Villar<\/strong><br \/>\n<strong><a href=\"mailto:evillar2000@hotmail.com\">evillar2000@hotmail.com<\/a>\u00a0(New York)<\/strong><\/p>\n<p><strong>Representante \u00a0en Venezuela:<\/strong><br \/>\n<strong>Angel Lagardera<\/strong><br \/>\n<strong><a href=\"mailto:cidifturve@hotmail.com\">cidifturve@hotmail.com<\/a><\/strong><\/p>\n<p><strong>Representante en Espa\u00f1a:<\/strong><br \/>\n<strong>Jordi Rosell Salv\u00f3<\/strong><br \/>\n<strong><a href=\"mailto:info@formahostel.es\">info@formahostel.es<\/a><\/strong><\/p>\n<p><strong>Representante en New Zeland:<\/strong><br \/>\n<strong>Dante Honores<\/strong><br \/>\n<strong><a href=\"mailto:dantehonores@xtra.co.nz\">dantehonores@xtra.co.nz<\/a><\/strong><\/p>\n<p><strong>Representante en Chile:<\/strong><br \/>\n<strong>Francisco Leal<\/strong><br \/>\n<strong><a href=\"mailto:franciscoleal@cybertour.cl\">franciscoleal@cybertour.cl<\/a><\/strong><\/p>\n<p><strong>Representante\u00a0 en Uruguay<\/strong><br \/>\n<strong>Mar\u00eda Shaw<\/strong><\/p>\n<p><strong><a href=\"mailto:mashaw@montevideo.com.uy\">mashaw@montevideo.com.uy<\/a><\/strong><\/p>\n<p><strong>Representante en Lambayeque:<\/strong><br \/>\n<strong>Milagros N\u00fa\u00f1ez<\/strong><br \/>\n<strong><a href=\"mailto:mili_nunez2@hotmail.com\">mili_nunez2@hotmail.com<\/a><\/strong><\/p>\n","protected":false},"excerpt":{"rendered":"<p>Directora de Relaciones Internacionales: Lic. Elizabeth Villar evillar2000@hotmail.com\u00a0(New York) Representante \u00a0en Venezuela: Angel Lagardera cidifturve@hotmail.com Representante en Espa\u00f1a: Jordi Rosell Salv\u00f3 info@formahostel.es Representante en New Zeland: Dante Honores dantehonores@xtra.co.nz Representante en Chile: Francisco Leal franciscoleal@cybertour.cl Representante\u00a0 en Uruguay Mar\u00eda Shaw mashaw@montevideo.com.uy Representante en Lambayeque: Milagros N\u00fa\u00f1ez mili_nunez2@hotmail.com<\/p>\n","protected":false},"author":1,"featured_media":0,"parent":0,"menu_order":0,"comment_status":"open","ping_status":"open","template":"page_right_sidebar.php","meta":{"footnotes":""},"class_list":["post-244","page","type-page","status-publish","hentry"],"_links":{"self":[{"href":"https:\/\/www.turistamagazine.com\/v2\/index.php?rest_route=\/wp\/v2\/pages\/244","targetHints":{"allow":["GET"]}}],"collection":[{"href":"https:\/\/www.turistamagazine.com\/v2\/index.php?rest_route=\/wp\/v2\/pages"}],"about":[{"href":"https:\/\/www.turistamagazine.com\/v2\/index.php?rest_route=\/wp\/v2\/types\/page"}],"author":[{"embeddable":true,"href":"https:\/\/www.turistamagazine.com\/v2\/index.php?rest_route=\/wp\/v2\/users\/1"}],"replies":[{"embeddable":true,"href":"https:\/\/www.turistamagazine.com\/v2\/index.php?rest_route=%2Fwp%2Fv2%2Fcomments&post=244"}],"version-history":[{"count":8,"href":"https:\/\/www.turistamagazine.com\/v2\/index.php?rest_route=\/wp\/v2\/pages\/244\/revisions"}],"predecessor-version":[{"id":44765,"href":"https:\/\/www.turistamagazine.com\/v2\/index.php?rest_route=\/wp\/v2\/pages\/244\/revisions\/44765"}],"wp:attachment":[{"href":"https:\/\/www.turistamagazine.com\/v2\/index.php?rest_route=%2Fwp%2Fv2%2Fmedia&parent=244"}],"curies":[{"name":"wp","href":"https:\/\/api.w.org\/{rel}","templated":true}]}}